{"id":9858,"date":"2026-03-18T12:24:35","date_gmt":"2026-03-18T12:24:35","guid":{"rendered":"https:\/\/diversetours-hurghada.online\/product\/baji-trip-3-hours\/"},"modified":"2026-03-19T11:20:45","modified_gmt":"2026-03-19T11:20:45","slug":"baji-trip-3-hours","status":"publish","type":"product","link":"https:\/\/diversetours-hurghada.online\/de\/produkt\/baji-trip-3-hours\/","title":{"rendered":"buggy-Reise (3 Stunden)"},"content":{"rendered":"<p>Genie\u00dfen Sie es, mit dem Beji in die W\u00fcste zu fahren, das Beduinendorf zu besuchen und etwas \u00fcber das Leben der Beduinen zu erfahren.<\/p>\n<p>Reiseprogramm:<br \/>\n\u202225 km mit dem Baji in die W\u00fcste fahren.<br \/>\n\u2022Ankunft im Beduinendorf.<br \/>\n\u2022 Kamelreiten.<br \/>\n\u2022 Beduinentee trinken.<br \/>\n\u2022 Machen Sie Erinnerungsfotos.<br \/>\n\u2022 R\u00fcckkehr mit Baguette f\u00fcr 25 km zum Safarizentrum.<\/p>\n","protected":false},"excerpt":{"rendered":"<p>Genie\u00dfen Sie es, mit dem Beji in die W\u00fcste zu fahren, das Beduinendorf zu besuchen und etwas \u00fcber das Leben der Beduinen zu erfahren. Reiseprogramm: \u202225 km mit dem Baji in die W\u00fcste fahren. \u2022Ankunft im Beduinendorf. \u2022 Kamelreiten. \u2022 Beduinentee trinken. \u2022 Machen Sie Erinnerungsfotos. \u2022 R\u00fcckkehr mit Baguette f\u00fcr 25 km zum Safarizentrum.<\/p>\n","protected":false},"featured_media":9859,"comment_status":"open","ping_status":"closed","template":"","meta":{"_joinchat":[]},"product_brand":[],"product_cat":[15],"product_tag":[],"class_list":{"0":"post-9858","1":"product","2":"type-product","3":"status-publish","4":"has-post-thumbnail","6":"product_cat-sea-trips","8":"first","9":"instock","10":"shipping-taxable","11":"purchasable","12":"product-type-ovabrw_car_rental"},"acf":[],"_links":{"self":[{"href":"https:\/\/diversetours-hurghada.online\/de\/wp-json\/wp\/v2\/product\/9858","targetHints":{"allow":["GET"]}}],"collection":[{"href":"https:\/\/diversetours-hurghada.online\/de\/wp-json\/wp\/v2\/product"}],"about":[{"href":"https:\/\/diversetours-hurghada.online\/de\/wp-json\/wp\/v2\/types\/product"}],"replies":[{"embeddable":true,"href":"https:\/\/diversetours-hurghada.online\/de\/wp-json\/wp\/v2\/comments?post=9858"}],"wp:featuredmedia":[{"embeddable":true,"href":"https:\/\/diversetours-hurghada.online\/de\/wp-json\/wp\/v2\/media\/9859"}],"wp:attachment":[{"href":"https:\/\/diversetours-hurghada.online\/de\/wp-json\/wp\/v2\/media?parent=9858"}],"wp:term":[{"taxonomy":"product_brand","embeddable":true,"href":"https:\/\/diversetours-hurghada.online\/de\/wp-json\/wp\/v2\/product_brand?post=9858"},{"taxonomy":"product_cat","embeddable":true,"href":"https:\/\/diversetours-hurghada.online\/de\/wp-json\/wp\/v2\/product_cat?post=9858"},{"taxonomy":"product_tag","embeddable":true,"href":"https:\/\/diversetours-hurghada.online\/de\/wp-json\/wp\/v2\/product_tag?post=9858"}],"curies":[{"name":"wp","href":"https:\/\/api.w.org\/{rel}","templated":true}]}}