{"id":9865,"date":"2026-03-17T10:35:27","date_gmt":"2026-03-17T10:35:27","guid":{"rendered":"https:\/\/diversetours-hurghada.online\/product\/%d8%b1%d8%ad%d9%84%d8%a9-%d8%a7%d9%84%d8%b3%d9%81%d8%a7%d8%b1%d9%8a\/"},"modified":"2026-03-19T11:27:31","modified_gmt":"2026-03-19T11:27:31","slug":"%d8%b1%d8%ad%d9%84%d8%a9-%d8%a7%d9%84%d8%b3%d9%81%d8%a7%d8%b1%d9%8a","status":"publish","type":"product","link":"https:\/\/diversetours-hurghada.online\/de\/produkt\/%d8%b1%d8%ad%d9%84%d8%a9-%d8%a7%d9%84%d8%b3%d9%81%d8%a7%d8%b1%d9%8a\/","title":{"rendered":"Pirschfahrt"},"content":{"rendered":"<p>Genie\u00dfen Sie das Erlebnis, mit dem Quad durch die W\u00fcste des Roten Meeres zu fahren, und besuchen Sie ein traditionelles Beduinendorf, um mehr \u00fcber das Leben der Beduinen zu erfahren.<\/p>\n<p>Reiseprogramm:<br \/>\n\u2022Eine Stunde mit dem Quad in die W\u00fcste fahren.<br \/>\n\u2022Ankunft im Beduinendorf.<br \/>\n\u2022 Kamelreiten.<br \/>\n\u2022 Beduinentee trinken.<br \/>\n\u2022Erfahren Sie mehr \u00fcber das Leben der Beduinen und machen Sie Erinnerungsfotos.<br \/>\n\u2022Kehren Sie mit dem Quad f\u00fcr eine weitere Stunde zum Safarizentrum zur\u00fcck.<\/p>\n<p>Reisedauer:<br \/>\n3 Stunden<\/p>\n<p>Umzugszeiten:<br \/>\n\u202208:30 Uhr<br \/>\n\u202201:30 Uhr<\/p>\n","protected":false},"excerpt":{"rendered":"<p>Genie\u00dfen Sie das Erlebnis, mit dem Quad durch die W\u00fcste des Roten Meeres zu fahren, und besuchen Sie ein traditionelles Beduinendorf, um mehr \u00fcber das Leben der Beduinen zu erfahren. Reiseprogramm: \u2022Eine Stunde mit dem Quad in die W\u00fcste fahren. \u2022Ankunft im Beduinendorf. \u2022 Kamelreiten. \u2022 Beduinentee trinken. \u2022Erfahren Sie mehr \u00fcber das Leben der Beduinen und machen Sie Erinnerungsfotos. \u2022Kehren Sie mit dem Quad f\u00fcr eine weitere Stunde zum Safarizentrum zur\u00fcck. Reisedauer: 3 Stunden Umzugszeiten: \u202208:30 Uhr \u202201:30 Uhr<\/p>\n","protected":false},"featured_media":9866,"comment_status":"open","ping_status":"closed","template":"","meta":{"_joinchat":[]},"product_brand":[],"product_cat":[15],"product_tag":[],"class_list":{"0":"post-9865","1":"product","2":"type-product","3":"status-publish","4":"has-post-thumbnail","6":"product_cat-sea-trips","8":"first","9":"instock","10":"shipping-taxable","11":"purchasable","12":"product-type-ovabrw_car_rental"},"acf":[],"_links":{"self":[{"href":"https:\/\/diversetours-hurghada.online\/de\/wp-json\/wp\/v2\/product\/9865","targetHints":{"allow":["GET"]}}],"collection":[{"href":"https:\/\/diversetours-hurghada.online\/de\/wp-json\/wp\/v2\/product"}],"about":[{"href":"https:\/\/diversetours-hurghada.online\/de\/wp-json\/wp\/v2\/types\/product"}],"replies":[{"embeddable":true,"href":"https:\/\/diversetours-hurghada.online\/de\/wp-json\/wp\/v2\/comments?post=9865"}],"wp:featuredmedia":[{"embeddable":true,"href":"https:\/\/diversetours-hurghada.online\/de\/wp-json\/wp\/v2\/media\/9866"}],"wp:attachment":[{"href":"https:\/\/diversetours-hurghada.online\/de\/wp-json\/wp\/v2\/media?parent=9865"}],"wp:term":[{"taxonomy":"product_brand","embeddable":true,"href":"https:\/\/diversetours-hurghada.online\/de\/wp-json\/wp\/v2\/product_brand?post=9865"},{"taxonomy":"product_cat","embeddable":true,"href":"https:\/\/diversetours-hurghada.online\/de\/wp-json\/wp\/v2\/product_cat?post=9865"},{"taxonomy":"product_tag","embeddable":true,"href":"https:\/\/diversetours-hurghada.online\/de\/wp-json\/wp\/v2\/product_tag?post=9865"}],"curies":[{"name":"wp","href":"https:\/\/api.w.org\/{rel}","templated":true}]}}